{"id":60,"date":"2024-07-15T13:58:10","date_gmt":"2024-07-15T13:58:10","guid":{"rendered":"https:\/\/pattefit.lu\/?page_id=60"},"modified":"2024-07-22T17:36:31","modified_gmt":"2024-07-22T17:36:31","slug":"uber-mich","status":"publish","type":"page","link":"https:\/\/pattefit.lu\/index.php\/uber-mich\/","title":{"rendered":"\u00dcber mich"},"content":{"rendered":"\t\t<div data-elementor-type=\"wp-page\" data-elementor-id=\"60\" class=\"elementor elementor-60\" data-elementor-post-type=\"page\">\n\t\t\t\t<div class=\"elementor-element elementor-element-5b00ddf4 e-con-full e-flex e-con e-parent\" data-id=\"5b00ddf4\" data-element_type=\"container\" data-e-type=\"container\">\n\t\t<div class=\"elementor-element elementor-element-20bdbe41 e-con-full e-flex e-con e-child\" data-id=\"20bdbe41\" data-element_type=\"container\" data-e-type=\"container\">\n\t\t\t\t<div class=\"elementor-element elementor-element-57042775 elementor-widget elementor-widget-heading\" data-id=\"57042775\" data-element_type=\"widget\" data-e-type=\"widget\" data-widget_type=\"heading.default\">\n\t\t\t\t<div class=\"elementor-widget-container\">\n\t\t\t\t\t<h1 class=\"elementor-heading-title elementor-size-default\">\u00dcber mich<\/h1>\t\t\t\t<\/div>\n\t\t\t\t<\/div>\n\t\t\t\t<div class=\"elementor-element elementor-element-41443ab3 elementor-widget elementor-widget-text-editor\" data-id=\"41443ab3\" data-element_type=\"widget\" data-e-type=\"widget\" data-widget_type=\"text-editor.default\">\n\t\t\t\t<div class=\"elementor-widget-container\">\n\t\t\t\t\t\t\t\t\t<p>Mein Name ist Simone Heinen, und ich arbeite seit 21 Jahren als Pharmazeutisch-technische Assistentin in einer Apotheke. Schon immer war es mein gro\u00dfer Traum, noch mehr mit Tieren arbeiten zu d\u00fcrfen.<\/p><p>Durch meine langj\u00e4hrige T\u00e4tigkeit im Gesundheitsbereich habe ich ein tiefes Verst\u00e4ndnis f\u00fcr medizinische Zusammenh\u00e4nge und ein besonderes Gesp\u00fcr f\u00fcr die Bed\u00fcrfnisse von Patienten entwickelt. Diese Expertise m\u00f6chte ich nun auch auf unsere vierbeinigen Freunde \u00fcbertragen.<\/p><p>Im Jahr 2020 ist unser Familienhund Leo bei uns eingezogen und hat das Leben unserer kleinen Familie auf wunderbare Weise bereichert. Die Liebe und Verbundenheit zu unserem Hund inspirierten mich dazu, noch tiefer in die Welt der Tiergesundheit einzutauchen. So begann ich meine Ausbildung zur Hundephysiotherapeutin, um meine Leidenschaft f\u00fcr Tiere mit meinem beruflichen Wissen zu verbinden.<\/p><p>Ich freue mich darauf, dich und deinen Hund kennenzulernen und gemeinsam an der Gesundheit und Lebensfreude deines Vierbeiners zu arbeiten.<\/p>\t\t\t\t\t\t\t\t<\/div>\n\t\t\t\t<\/div>\n\t\t\t\t<\/div>\n\t\t<div class=\"elementor-element elementor-element-1831cb31 e-con-full e-flex e-con e-child\" data-id=\"1831cb31\" data-element_type=\"container\" data-e-type=\"container\" data-settings=\"{&quot;background_background&quot;:&quot;classic&quot;}\">\n\t\t\t\t<div class=\"elementor-element elementor-element-1b61b3b8 elementor-widget elementor-widget-image\" data-id=\"1b61b3b8\" data-element_type=\"widget\" data-e-type=\"widget\" data-widget_type=\"image.default\">\n\t\t\t\t<div class=\"elementor-widget-container\">\n\t\t\t\t\t\t\t\t\t\t\t\t\t\t\t<img fetchpriority=\"high\" decoding=\"async\" width=\"768\" height=\"1024\" src=\"https:\/\/pattefit.lu\/wp-content\/uploads\/2024\/07\/Simone_1-768x1024.jpg\" class=\"attachment-large size-large wp-image-115\" alt=\"\" srcset=\"https:\/\/pattefit.lu\/wp-content\/uploads\/2024\/07\/Simone_1-768x1024.jpg 768w, https:\/\/pattefit.lu\/wp-content\/uploads\/2024\/07\/Simone_1-225x300.jpg 225w, https:\/\/pattefit.lu\/wp-content\/uploads\/2024\/07\/Simone_1-1152x1536.jpg 1152w, https:\/\/pattefit.lu\/wp-content\/uploads\/2024\/07\/Simone_1.jpg 1200w\" sizes=\"(max-width: 768px) 100vw, 768px\" \/>\t\t\t\t\t\t\t\t\t\t\t\t\t\t\t<\/div>\n\t\t\t\t<\/div>\n\t\t\t\t<\/div>\n\t\t\t\t<\/div>\n\t\t\t\t<\/div>\n\t\t","protected":false},"excerpt":{"rendered":"<p>\u00dcber mich Mein Name ist Simone Heinen, und ich arbeite seit 21 Jahren als Pharmazeutisch-technische Assistentin in einer Apotheke. Schon immer war es mein gro\u00dfer Traum, noch mehr mit Tieren arbeiten zu d\u00fcrfen. Durch meine langj\u00e4hrige T\u00e4tigkeit im Gesundheitsbereich habe ich ein tiefes Verst\u00e4ndnis f\u00fcr medizinische Zusammenh\u00e4nge und ein besonderes Gesp\u00fcr f\u00fcr die Bed\u00fcrfnisse von [&hellip;]<\/p>\n","protected":false},"author":1,"featured_media":0,"parent":0,"menu_order":0,"comment_status":"closed","ping_status":"closed","template":"","meta":{"footnotes":""},"class_list":["post-60","page","type-page","status-publish","hentry"],"_links":{"self":[{"href":"https:\/\/pattefit.lu\/index.php\/wp-json\/wp\/v2\/pages\/60","targetHints":{"allow":["GET"]}}],"collection":[{"href":"https:\/\/pattefit.lu\/index.php\/wp-json\/wp\/v2\/pages"}],"about":[{"href":"https:\/\/pattefit.lu\/index.php\/wp-json\/wp\/v2\/types\/page"}],"author":[{"embeddable":true,"href":"https:\/\/pattefit.lu\/index.php\/wp-json\/wp\/v2\/users\/1"}],"replies":[{"embeddable":true,"href":"https:\/\/pattefit.lu\/index.php\/wp-json\/wp\/v2\/comments?post=60"}],"version-history":[{"count":2,"href":"https:\/\/pattefit.lu\/index.php\/wp-json\/wp\/v2\/pages\/60\/revisions"}],"predecessor-version":[{"id":140,"href":"https:\/\/pattefit.lu\/index.php\/wp-json\/wp\/v2\/pages\/60\/revisions\/140"}],"wp:attachment":[{"href":"https:\/\/pattefit.lu\/index.php\/wp-json\/wp\/v2\/media?parent=60"}],"curies":[{"name":"wp","href":"https:\/\/api.w.org\/{rel}","templated":true}]}}